{"id":8398,"date":"2025-01-13T04:11:20","date_gmt":"2025-01-13T04:11:20","guid":{"rendered":"https:\/\/neogenia.ca\/?page_id=8398"},"modified":"2025-01-13T23:20:30","modified_gmt":"2025-01-13T23:20:30","slug":"entreprise","status":"publish","type":"page","link":"https:\/\/neogenia.ca\/fr\/entreprise\/","title":{"rendered":"Entreprise &#8211; Backup"},"content":{"rendered":"\t\t<div data-elementor-type=\"wp-page\" data-elementor-id=\"8398\" class=\"elementor elementor-8398\" data-elementor-settings=\"{&quot;element_pack_global_tooltip_width&quot;:{&quot;unit&quot;:&quot;px&quot;,&quot;size&quot;:&quot;&quot;,&quot;sizes&quot;:[]},&quot;element_pack_global_tooltip_width_tablet&quot;:{&quot;unit&quot;:&quot;px&quot;,&quot;size&quot;:&quot;&quot;,&quot;sizes&quot;:[]},&quot;element_pack_global_tooltip_width_mobile&quot;:{&quot;unit&quot;:&quot;px&quot;,&quot;size&quot;:&quot;&quot;,&quot;sizes&quot;:[]},&quot;element_pack_global_tooltip_padding&quot;:{&quot;unit&quot;:&quot;px&quot;,&quot;top&quot;:&quot;&quot;,&quot;right&quot;:&quot;&quot;,&quot;bottom&quot;:&quot;&quot;,&quot;left&quot;:&quot;&quot;,&quot;isLinked&quot;:true},&quot;element_pack_global_tooltip_padding_tablet&quot;:{&quot;unit&quot;:&quot;px&quot;,&quot;top&quot;:&quot;&quot;,&quot;right&quot;:&quot;&quot;,&quot;bottom&quot;:&quot;&quot;,&quot;left&quot;:&quot;&quot;,&quot;isLinked&quot;:true},&quot;element_pack_global_tooltip_padding_mobile&quot;:{&quot;unit&quot;:&quot;px&quot;,&quot;top&quot;:&quot;&quot;,&quot;right&quot;:&quot;&quot;,&quot;bottom&quot;:&quot;&quot;,&quot;left&quot;:&quot;&quot;,&quot;isLinked&quot;:true},&quot;element_pack_global_tooltip_border_radius&quot;:{&quot;unit&quot;:&quot;px&quot;,&quot;top&quot;:&quot;&quot;,&quot;right&quot;:&quot;&quot;,&quot;bottom&quot;:&quot;&quot;,&quot;left&quot;:&quot;&quot;,&quot;isLinked&quot;:true},&quot;element_pack_global_tooltip_border_radius_tablet&quot;:{&quot;unit&quot;:&quot;px&quot;,&quot;top&quot;:&quot;&quot;,&quot;right&quot;:&quot;&quot;,&quot;bottom&quot;:&quot;&quot;,&quot;left&quot;:&quot;&quot;,&quot;isLinked&quot;:true},&quot;element_pack_global_tooltip_border_radius_mobile&quot;:{&quot;unit&quot;:&quot;px&quot;,&quot;top&quot;:&quot;&quot;,&quot;right&quot;:&quot;&quot;,&quot;bottom&quot;:&quot;&quot;,&quot;left&quot;:&quot;&quot;,&quot;isLinked&quot;:true}}\" data-elementor-post-type=\"page\">\n\t\t\t\t\t\t<section class=\"elementor-section elementor-top-section elementor-element elementor-element-ce8035c elementor-section-content-middle ot-traditional elementor-section-boxed elementor-section-height-default elementor-section-height-default\" data-id=\"ce8035c\" data-element_type=\"section\" data-settings=\"{&quot;background_background&quot;:&quot;classic&quot;}\">\n\t\t\t\t\t\t<div class=\"elementor-container elementor-column-gap-extended\">\n\t\t\t\t\t<div class=\"elementor-column elementor-col-50 elementor-top-column elementor-element elementor-element-7e70b52 ot-flex-column-vertical\" data-id=\"7e70b52\" data-element_type=\"column\">\n\t\t\t<div class=\"elementor-widget-wrap elementor-element-populated\">\n\t\t\t\t\t\t<div class=\"elementor-element elementor-element-0b29d17 elementor-widget__width-initial elementor-widget elementor-widget-iheading\" data-id=\"0b29d17\" data-element_type=\"widget\" data-widget_type=\"iheading.default\">\n\t\t\t\t\t\t<div class=\"elementor-widget-container\">\n\t\t\t\t\t\t\t<div class=\"ot-heading\">\r\n\t        <h2 class=\"main-heading\">Votre partenaire pour l'innovation en IA<\/h2>\t    <\/div>\r\n\t    \t\t\t\t<\/div>\n\t\t\t\t<\/div>\n\t\t\t\t<div class=\"elementor-element elementor-element-4868547 elementor-widget__width-initial elementor-widget elementor-widget-text-editor\" data-id=\"4868547\" data-element_type=\"widget\" data-widget_type=\"text-editor.default\">\n\t\t\t\t\t\t<div class=\"elementor-widget-container\">\n\t\t\t\t\t\t\t\t\t<p><strong>ECS Quantum<\/strong> est le partenaire de confiance des grandes entreprises, des PME et des innovateurs technologiques du monde entier. Nous donnons aux entreprises les moyens de lib\u00e9rer leur potentiel gr\u00e2ce \u00e0 des solutions d&rsquo;ing\u00e9nierie de pointe en mati\u00e8re d&rsquo;IA et de donn\u00e9es, \u00e0 des conseils strat\u00e9giques et \u00e0 des services de d\u00e9veloppement et de conception de produits avanc\u00e9s.<\/p><p>Notre expertise s&rsquo;\u00e9tend \u00e0 la modernisation de l&rsquo;efficacit\u00e9 des entreprises en fournissant des informations exploitables et un soutien strat\u00e9gique, permettant aux dirigeants de prendre des d\u00e9cisions \u00e9clair\u00e9es qui favorisent l&rsquo;innovation et le succ\u00e8s \u00e0 long terme.<\/p>\t\t\t\t\t\t\t\t<\/div>\n\t\t\t\t<\/div>\n\t\t\t\t\t<\/div>\n\t\t<\/div>\n\t\t\t\t<div class=\"elementor-column elementor-col-50 elementor-top-column elementor-element elementor-element-0302828 ot-flex-column-vertical\" data-id=\"0302828\" data-element_type=\"column\">\n\t\t\t<div class=\"elementor-widget-wrap elementor-element-populated\">\n\t\t\t\t\t\t<section class=\"elementor-section elementor-inner-section elementor-element elementor-element-74771c7 elementor-section-full_width ot-layout_block elementor-section-height-default elementor-section-height-default\" data-id=\"74771c7\" data-element_type=\"section\">\n\t\t\t\t\t\t<div class=\"elementor-container elementor-column-gap-extended\">\n\t\t\t\t\t<div class=\"elementor-column elementor-col-50 elementor-inner-column elementor-element elementor-element-b50c198 ot-flex-column-vertical\" data-id=\"b50c198\" data-element_type=\"column\">\n\t\t\t<div class=\"elementor-widget-wrap elementor-element-populated\">\n\t\t\t\t\t\t<div class=\"elementor-element elementor-element-5d79ef3 elementor-widget elementor-widget-iimagebox1\" data-id=\"5d79ef3\" data-element_type=\"widget\" data-widget_type=\"iimagebox1.default\">\n\t\t\t\t\t\t<div class=\"elementor-widget-container\">\n\t\t\t\t\t\t\t<a class=\"ot-image-box\" >\r\n\t\t\t<div class=\"overlay\">\r\n\t        \t<h4>Innovation<\/h4>\r\n\t\t\t<\/div>\r\n\t\t\t<img decoding=\"async\" src=\"https:\/\/engitech.s3.amazonaws.com\/images\/image-box1.jpg\" alt=\"Innovation\">\r\n\t\t<\/a>\r\n\t    \t\t\t\t<\/div>\n\t\t\t\t<\/div>\n\t\t\t\t<div class=\"elementor-element elementor-element-39b46da elementor-widget elementor-widget-iimagebox1\" data-id=\"39b46da\" data-element_type=\"widget\" data-widget_type=\"iimagebox1.default\">\n\t\t\t\t\t\t<div class=\"elementor-widget-container\">\n\t\t\t\t\t\t\t<a class=\"ot-image-box\" >\r\n\t\t\t<div class=\"overlay\">\r\n\t        \t<h4>Habiliter<\/h4>\r\n\t\t\t<\/div>\r\n\t\t\t<img decoding=\"async\" src=\"https:\/\/7ky.b40.myftpupload.com\/wp-content\/uploads\/2025\/01\/Empower.jpg\" alt=\"Habiliter\">\r\n\t\t<\/a>\r\n\t    \t\t\t\t<\/div>\n\t\t\t\t<\/div>\n\t\t\t\t\t<\/div>\n\t\t<\/div>\n\t\t\t\t<div class=\"elementor-column elementor-col-50 elementor-inner-column elementor-element elementor-element-117224e ot-flex-column-vertical\" data-id=\"117224e\" data-element_type=\"column\">\n\t\t\t<div class=\"elementor-widget-wrap elementor-element-populated\">\n\t\t\t\t\t\t<div class=\"elementor-element elementor-element-9538e97 elementor-widget elementor-widget-iimagebox1\" data-id=\"9538e97\" data-element_type=\"widget\" data-widget_type=\"iimagebox1.default\">\n\t\t\t\t\t\t<div class=\"elementor-widget-container\">\n\t\t\t\t\t\t\t<a class=\"ot-image-box\" >\r\n\t\t\t<div class=\"overlay\">\r\n\t        \t<h4>Vision<\/h4>\r\n\t\t\t<\/div>\r\n\t\t\t<img decoding=\"async\" src=\"https:\/\/7ky.b40.myftpupload.com\/wp-content\/uploads\/2025\/01\/vision.jpg\" alt=\"Vision\">\r\n\t\t<\/a>\r\n\t    \t\t\t\t<\/div>\n\t\t\t\t<\/div>\n\t\t\t\t<div class=\"elementor-element elementor-element-ecd956d elementor-widget elementor-widget-iimagebox1\" data-id=\"ecd956d\" data-element_type=\"widget\" data-widget_type=\"iimagebox1.default\">\n\t\t\t\t\t\t<div class=\"elementor-widget-container\">\n\t\t\t\t\t\t\t<a class=\"ot-image-box\" >\r\n\t\t\t<div class=\"overlay\">\r\n\t        \t<h4>Int\u00e9grit\u00e9<\/h4>\r\n\t\t\t<\/div>\r\n\t\t\t<img decoding=\"async\" src=\"https:\/\/7ky.b40.myftpupload.com\/wp-content\/uploads\/2025\/01\/Integrity.jpg\" alt=\"Int\u00e9grit\u00e9\">\r\n\t\t<\/a>\r\n\t    \t\t\t\t<\/div>\n\t\t\t\t<\/div>\n\t\t\t\t\t<\/div>\n\t\t<\/div>\n\t\t\t\t\t<\/div>\n\t\t<\/section>\n\t\t\t\t\t<\/div>\n\t\t<\/div>\n\t\t\t\t\t<\/div>\n\t\t<\/section>\n\t\t<div class=\"elementor-element elementor-element-61285c4 e-con-full e-flex e-con e-parent\" data-id=\"61285c4\" data-element_type=\"container\">\n\t\t\t\t<div class=\"elementor-element elementor-element-f05a54d elementor-widget elementor-widget-spacer\" data-id=\"f05a54d\" data-element_type=\"widget\" data-widget_type=\"spacer.default\">\n\t\t\t\t\t\t<div class=\"elementor-widget-container\">\n\t\t\t\t\t\t\t<div class=\"elementor-spacer\">\n\t\t\t<div class=\"elementor-spacer-inner\"><\/div>\n\t\t<\/div>\n\t\t\t\t\t\t<\/div>\n\t\t\t\t<\/div>\n\t\t\t\t<\/div>\n\t\t\t\t<section class=\"elementor-section elementor-top-section elementor-element elementor-element-2432e78 ot-traditional elementor-section-boxed elementor-section-height-default elementor-section-height-default\" data-id=\"2432e78\" data-element_type=\"section\" data-settings=\"{&quot;background_background&quot;:&quot;classic&quot;}\">\n\t\t\t\t\t\t\t<div class=\"elementor-background-overlay\"><\/div>\n\t\t\t\t\t\t\t<div class=\"elementor-container elementor-column-gap-extended\">\n\t\t\t\t\t<div class=\"elementor-column elementor-col-50 elementor-top-column elementor-element elementor-element-5b7148e ot-flex-column-vertical\" data-id=\"5b7148e\" data-element_type=\"column\">\n\t\t\t<div class=\"elementor-widget-wrap elementor-element-populated\">\n\t\t\t\t\t\t<div class=\"elementor-element elementor-element-b69ef59 uael-aspect-ratio-3_2 elementor-widget__width-initial uael-youtube-subscribe-no elementor-widget elementor-widget-uael-video\" data-id=\"b69ef59\" data-element_type=\"widget\" data-widget_type=\"uael-video.default\">\n\t\t\t\t\t\t<div class=\"elementor-widget-container\">\n\t\t\t\t\t\t\t\t\t<div class=\"uael-video__outer-wrap  uael-video-type-youtube\" data-device=\"false\" data-vsticky=\"no\" data-hidedesktop=\"\" data-hidetablet=\"\" data-hidemobile=\"\" data-vsticky-viewport=\"0\" data-autoplay=\"0\">\n\t\t\t\t\t\t<div class=\"uael-video-inner-wrap\">\n\t\t\t\t<div class=\"uael-video__play\" data-src=\"https:\/\/www.youtube.com\/embed\/A9dk8I8AxUM?rel=0&amp;start&amp;end&amp;controls=1&amp;mute=0&amp;modestbranding=0&amp;autoplay=1\">\n\t\t\t\t\t<img decoding=\"async\" class=\"uael-video__thumb\" src=\"https:\/\/i.ytimg.com\/vi\/A9dk8I8AxUM\/maxresdefault.jpg\" alt=\"\"><\/img>\n\t\t\t\t\t<div class=\"uael-video__play-icon uael-animation-\">\n\t\t\t\t\t\t<svg aria-hidden=\"true\" class=\"e-font-icon-svg e-fa-play-circle\" viewBox=\"0 0 512 512\" xmlns=\"http:\/\/www.w3.org\/2000\/svg\"><path d=\"M256 8C119 8 8 119 8 256s111 248 248 248 248-111 248-248S393 8 256 8zm115.7 272l-176 101c-15.8 8.8-35.7-2.5-35.7-21V152c0-18.4 19.8-29.8 35.7-21l176 107c16.4 9.2 16.4 32.9 0 42z\"><\/path><\/svg>\t\t\t\t\t<\/div>\n\t\t\t\t<\/div>\n\t\t\t\t\t\t\t\t\t\t\t<\/div>\n\t\t<\/div>\n\t\t\t\t\t\t\t<\/div>\n\t\t\t\t<\/div>\n\t\t\t\t\t<\/div>\n\t\t<\/div>\n\t\t\t\t<div class=\"elementor-column elementor-col-50 elementor-top-column elementor-element elementor-element-e31dfc1 ot-flex-column-vertical\" data-id=\"e31dfc1\" data-element_type=\"column\">\n\t\t\t<div class=\"elementor-widget-wrap elementor-element-populated\">\n\t\t\t\t\t\t<div class=\"elementor-element elementor-element-b54ad3c elementor-widget elementor-widget-iheading\" data-id=\"b54ad3c\" data-element_type=\"widget\" data-widget_type=\"iheading.default\">\n\t\t\t\t\t\t<div class=\"elementor-widget-container\">\n\t\t\t\t\t\t\t<div class=\"ot-heading\">\r\n\t        <h2 class=\"main-heading\">Collaborer. <br> Innover. <br> Habiliter. <\/h2>\t    <\/div>\r\n\t    \t\t\t\t<\/div>\n\t\t\t\t<\/div>\n\t\t\t\t<div class=\"elementor-element elementor-element-d6da2f0 elementor-widget elementor-widget-ibutton\" data-id=\"d6da2f0\" data-element_type=\"widget\" data-widget_type=\"ibutton.default\">\n\t\t\t\t\t\t<div class=\"elementor-widget-container\">\n\t\t\t\t\t\t\t<div class=\"ot-button\">\r\n\t\t\t<a href=\"\/fr\/services\" class=\"btn-details\"><i class=\"flaticon-right-arrow-1\"><\/i> EN SAVOIR PLUS<\/a>\r\n\t    <\/div>\r\n\t    \t\t\t\t<\/div>\n\t\t\t\t<\/div>\n\t\t\t\t<section class=\"elementor-section elementor-inner-section elementor-element elementor-element-108a9ce elementor-section-full_width ot-traditional elementor-section-height-default elementor-section-height-default\" data-id=\"108a9ce\" data-element_type=\"section\">\n\t\t\t\t\t\t<div class=\"elementor-container elementor-column-gap-default\">\n\t\t\t\t\t<div class=\"elementor-column elementor-col-100 elementor-inner-column elementor-element elementor-element-016f4b8 ot-flex-column-vertical\" data-id=\"016f4b8\" data-element_type=\"column\">\n\t\t\t<div class=\"elementor-widget-wrap elementor-element-populated\">\n\t\t\t\t\t\t<div class=\"elementor-element elementor-element-74b79ac elementor-widget elementor-widget-heading\" data-id=\"74b79ac\" data-element_type=\"widget\" data-widget_type=\"heading.default\">\n\t\t\t\t\t\t<div class=\"elementor-widget-container\">\n\t\t\t\t\t<h5 class=\"elementor-heading-title elementor-size-default\">ING\u00c9NIERIE DES DONN\u00c9ES <br> ET DE L'IA<\/h5>\t\t\t\t<\/div>\n\t\t\t\t<\/div>\n\t\t\t\t<div class=\"elementor-element elementor-element-b9636b9 elementor-widget elementor-widget-text-editor\" data-id=\"b9636b9\" data-element_type=\"widget\" data-widget_type=\"text-editor.default\">\n\t\t\t\t\t\t<div class=\"elementor-widget-container\">\n\t\t\t\t\t\t\t\t\t<div class=\"flex-shrink-0 flex flex-col relative items-end\">\n<div class=\"pt-0\">\n<div class=\"gizmo-bot-avatar flex h-8 w-8 items-center justify-center overflow-hidden rounded-full\">\n<div class=\"relative p-1 rounded-sm flex items-center justify-center bg-token-main-surface-primary text-token-text-primary h-8 w-8\">Nous travaillons en \u00e9troite collaboration avec des organisations avant-gardistes, qu&rsquo;il s&rsquo;agisse de startups visionnaires ou de leaders industriels \u00e9tablis, afin de transformer la fa\u00e7on dont elles exploitent l&rsquo;IA et les donn\u00e9es. Gr\u00e2ce \u00e0 des solutions innovantes et \u00e0 des analyses sur mesure, nous proposons des strat\u00e9gies qui non seulement am\u00e9liorent l&rsquo;efficacit\u00e9 op\u00e9rationnelle, mais favorisent \u00e9galement l&rsquo;agilit\u00e9 et la croissance durable dans un march\u00e9 en constante \u00e9volution.<\/div>\n<\/div>\n<\/div>\n<\/div>\n\t\t\t\t\t\t\t\t<\/div>\n\t\t\t\t<\/div>\n\t\t\t\t\t<\/div>\n\t\t<\/div>\n\t\t\t\t\t<\/div>\n\t\t<\/section>\n\t\t\t\t\t<\/div>\n\t\t<\/div>\n\t\t\t\t\t<\/div>\n\t\t<\/section>\n\t\t\t\t<section class=\"elementor-section elementor-top-section elementor-element elementor-element-7f98564 ot-traditional elementor-section-boxed elementor-section-height-default elementor-section-height-default\" data-id=\"7f98564\" data-element_type=\"section\" data-settings=\"{&quot;background_background&quot;:&quot;classic&quot;}\">\n\t\t\t\t\t\t<div class=\"elementor-container elementor-column-gap-default\">\n\t\t\t\t\t<div class=\"elementor-column elementor-col-100 elementor-top-column elementor-element elementor-element-ac2f642 ot-flex-column-vertical\" data-id=\"ac2f642\" data-element_type=\"column\">\n\t\t\t<div class=\"elementor-widget-wrap elementor-element-populated\">\n\t\t\t\t\t\t<div class=\"elementor-element elementor-element-ad291af elementor-widget elementor-widget-iheading\" data-id=\"ad291af\" data-element_type=\"widget\" data-widget_type=\"iheading.default\">\n\t\t\t\t\t\t<div class=\"elementor-widget-container\">\n\t\t\t\t\t\t\t<div class=\"ot-heading\">\r\n\t        <h2 class=\"main-heading\">Notre Mission<\/h2>\t    <\/div>\r\n\t    \t\t\t\t<\/div>\n\t\t\t\t<\/div>\n\t\t\t\t<div class=\"elementor-element elementor-element-16e0362 elementor-widget__width-initial elementor-widget elementor-widget-text-editor\" data-id=\"16e0362\" data-element_type=\"widget\" data-widget_type=\"text-editor.default\">\n\t\t\t\t\t\t<div class=\"elementor-widget-container\">\n\t\t\t\t\t\t\t\t\t<p>Nous maximisons la valeur des entreprises en nous concentrant sur les besoins de nos clients et en favorisant des partenariats collaboratifs, en fournissant des solutions sur mesure en IA, en ing\u00e9nierie des donn\u00e9es et en conseil strat\u00e9gique.<\/p>\t\t\t\t\t\t\t\t<\/div>\n\t\t\t\t<\/div>\n\t\t<div class=\"elementor-element elementor-element-a4c2723 e-con-full e-grid e-con e-parent\" data-id=\"a4c2723\" data-element_type=\"container\">\n\t\t\t\t<div class=\"elementor-element elementor-element-9508924 elementor-widget elementor-widget-text-editor\" data-id=\"9508924\" data-element_type=\"widget\" data-widget_type=\"text-editor.default\">\n\t\t\t\t\t\t<div class=\"elementor-widget-container\">\n\t\t\t\t\t\t\t\t\t<p>Notre \u00e9quipe collective incarne des d\u00e9cennies d&rsquo;expertise en IA, en ing\u00e9nierie des donn\u00e9es et en strat\u00e9gie de l&rsquo;information, combinant des connaissances techniques approfondies avec une passion pour l&rsquo;innovation. D\u00e9vou\u00e9s \u00e0 l&rsquo;excellence, nous travaillons avec un \u00e9tat d&rsquo;esprit tourn\u00e9 vers l&rsquo;avenir, en cultivant une culture qui valorise la collaboration, la cr\u00e9ativit\u00e9 et la croissance. Chacun d&rsquo;entre eux met \u00e0 profit ses forces uniques pour donner plus de pouvoir \u00e0 nos clients, simplifier les d\u00e9fis complexes et d\u00e9bloquer des opportunit\u00e9s de transformation. En proposant des solutions efficaces et en recherchant en permanence des m\u00e9thodes plus intelligentes, nous fa\u00e7onnons un avenir plus efficient et plus efficace pour les entreprises du monde entier.<\/p>\n\t\t\t\t\t\t\t\t<\/div>\n\t\t\t\t<\/div>\n\t\t\t\t<div class=\"elementor-element elementor-element-77960a8 elementor-widget elementor-widget-image\" data-id=\"77960a8\" data-element_type=\"widget\" data-widget_type=\"image.default\">\n\t\t\t\t\t\t<div class=\"elementor-widget-container\">\n\t\t\t\t\t\t\t\t\t\t\t\t\t\t\t<img fetchpriority=\"high\" decoding=\"async\" width=\"768\" height=\"513\" src=\"https:\/\/neogenia.ca\/wp-content\/uploads\/2025\/01\/shutterstock_723797254-768x513.webp\" class=\"attachment-medium_large size-medium_large wp-image-6940\" alt=\"\" srcset=\"https:\/\/neogenia.ca\/wp-content\/uploads\/2025\/01\/shutterstock_723797254-768x513.webp 768w, https:\/\/neogenia.ca\/wp-content\/uploads\/2025\/01\/shutterstock_723797254-300x200.webp 300w, https:\/\/neogenia.ca\/wp-content\/uploads\/2025\/01\/shutterstock_723797254-1024x684.webp 1024w, https:\/\/neogenia.ca\/wp-content\/uploads\/2025\/01\/shutterstock_723797254-1536x1025.webp 1536w, https:\/\/neogenia.ca\/wp-content\/uploads\/2025\/01\/shutterstock_723797254-scaled.webp 1920w, https:\/\/neogenia.ca\/wp-content\/uploads\/2025\/01\/shutterstock_723797254-720x481.webp 720w\" sizes=\"(max-width: 768px) 100vw, 768px\" \/>\t\t\t\t\t\t\t\t\t\t\t\t\t\t\t<\/div>\n\t\t\t\t<\/div>\n\t\t\t\t<\/div>\n\t\t\t\t\t<\/div>\n\t\t<\/div>\n\t\t\t\t\t<\/div>\n\t\t<\/section>\n\t\t\t\t<\/div>\n\t\t","protected":false},"excerpt":{"rendered":"<p>Votre partenaire pour l&rsquo;innovation en IA ECS Quantum est le partenaire de confiance des grandes entreprises, des PME et des innovateurs technologiques du monde entier. Nous donnons aux entreprises les moyens de lib\u00e9rer leur potentiel gr\u00e2ce \u00e0 des solutions d&rsquo;ing\u00e9nierie de pointe en mati\u00e8re d&rsquo;IA et de donn\u00e9es, \u00e0 des conseils strat\u00e9giques et \u00e0 des [&hellip;]<\/p>\n","protected":false},"author":1,"featured_media":0,"parent":0,"menu_order":0,"comment_status":"closed","ping_status":"closed","template":"","meta":{"_coblocks_attr":"","_coblocks_dimensions":"","_coblocks_responsive_height":"","_coblocks_accordion_ie_support":"","footnotes":""},"class_list":["post-8398","page","type-page","status-publish","hentry"],"yoast_head":"<!-- This site is optimized with the Yoast SEO plugin v25.4 - https:\/\/yoast.com\/wordpress\/plugins\/seo\/ -->\n<title>Entreprise - Backup - Neogenia Solutions<\/title>\n<meta name=\"robots\" content=\"index, follow, max-snippet:-1, max-image-preview:large, max-video-preview:-1\" \/>\n<link rel=\"canonical\" href=\"https:\/\/neogenia.ca\/fr\/entreprise\/\" \/>\n<meta property=\"og:locale\" content=\"fr_FR\" \/>\n<meta property=\"og:type\" content=\"article\" \/>\n<meta property=\"og:title\" content=\"Entreprise - Backup - Neogenia Solutions\" \/>\n<meta property=\"og:description\" content=\"Votre partenaire pour l&rsquo;innovation en IA ECS Quantum est le partenaire de confiance des grandes entreprises, des PME et des innovateurs technologiques du monde entier. Nous donnons aux entreprises les moyens de lib\u00e9rer leur potentiel gr\u00e2ce \u00e0 des solutions d&rsquo;ing\u00e9nierie de pointe en mati\u00e8re d&rsquo;IA et de donn\u00e9es, \u00e0 des conseils strat\u00e9giques et \u00e0 des [&hellip;]\" \/>\n<meta property=\"og:url\" content=\"https:\/\/neogenia.ca\/fr\/entreprise\/\" \/>\n<meta property=\"og:site_name\" content=\"Neogenia Solutions\" \/>\n<meta property=\"article:modified_time\" content=\"2025-01-13T23:20:30+00:00\" \/>\n<meta property=\"og:image\" content=\"https:\/\/engitech.s3.amazonaws.com\/images\/image-box1.jpg\" \/>\n<meta name=\"twitter:card\" content=\"summary_large_image\" \/>\n<meta name=\"twitter:label1\" content=\"Dur\u00e9e de lecture estim\u00e9e\" \/>\n\t<meta name=\"twitter:data1\" content=\"3 minutes\" \/>\n<script type=\"application\/ld+json\" class=\"yoast-schema-graph\">{\"@context\":\"https:\/\/schema.org\",\"@graph\":[{\"@type\":\"WebPage\",\"@id\":\"https:\/\/neogenia.ca\/fr\/entreprise\/\",\"url\":\"https:\/\/neogenia.ca\/fr\/entreprise\/\",\"name\":\"Entreprise - Backup - Neogenia Solutions\",\"isPartOf\":{\"@id\":\"https:\/\/neogenia.ca\/fr\/#website\"},\"primaryImageOfPage\":{\"@id\":\"https:\/\/neogenia.ca\/fr\/entreprise\/#primaryimage\"},\"image\":{\"@id\":\"https:\/\/neogenia.ca\/fr\/entreprise\/#primaryimage\"},\"thumbnailUrl\":\"https:\/\/engitech.s3.amazonaws.com\/images\/image-box1.jpg\",\"datePublished\":\"2025-01-13T04:11:20+00:00\",\"dateModified\":\"2025-01-13T23:20:30+00:00\",\"breadcrumb\":{\"@id\":\"https:\/\/neogenia.ca\/fr\/entreprise\/#breadcrumb\"},\"inLanguage\":\"fr-FR\",\"potentialAction\":[{\"@type\":\"ReadAction\",\"target\":[\"https:\/\/neogenia.ca\/fr\/entreprise\/\"]}]},{\"@type\":\"ImageObject\",\"inLanguage\":\"fr-FR\",\"@id\":\"https:\/\/neogenia.ca\/fr\/entreprise\/#primaryimage\",\"url\":\"https:\/\/engitech.s3.amazonaws.com\/images\/image-box1.jpg\",\"contentUrl\":\"https:\/\/engitech.s3.amazonaws.com\/images\/image-box1.jpg\"},{\"@type\":\"BreadcrumbList\",\"@id\":\"https:\/\/neogenia.ca\/fr\/entreprise\/#breadcrumb\",\"itemListElement\":[{\"@type\":\"ListItem\",\"position\":1,\"name\":\"Home\",\"item\":\"https:\/\/neogenia.ca\/fr\/\"},{\"@type\":\"ListItem\",\"position\":2,\"name\":\"Entreprise &#8211; Backup\"}]},{\"@type\":\"WebSite\",\"@id\":\"https:\/\/neogenia.ca\/fr\/#website\",\"url\":\"https:\/\/neogenia.ca\/fr\/\",\"name\":\"Neogenia Solutions\",\"description\":\"Advanced AI &amp; Data Engineering\",\"potentialAction\":[{\"@type\":\"SearchAction\",\"target\":{\"@type\":\"EntryPoint\",\"urlTemplate\":\"https:\/\/neogenia.ca\/fr\/?s={search_term_string}\"},\"query-input\":{\"@type\":\"PropertyValueSpecification\",\"valueRequired\":true,\"valueName\":\"search_term_string\"}}],\"inLanguage\":\"fr-FR\"}]}<\/script>\n<!-- \/ Yoast SEO plugin. -->","yoast_head_json":{"title":"Entreprise - Backup - Neogenia Solutions","robots":{"index":"index","follow":"follow","max-snippet":"max-snippet:-1","max-image-preview":"max-image-preview:large","max-video-preview":"max-video-preview:-1"},"canonical":"https:\/\/neogenia.ca\/fr\/entreprise\/","og_locale":"fr_FR","og_type":"article","og_title":"Entreprise - Backup - Neogenia Solutions","og_description":"Votre partenaire pour l&rsquo;innovation en IA ECS Quantum est le partenaire de confiance des grandes entreprises, des PME et des innovateurs technologiques du monde entier. Nous donnons aux entreprises les moyens de lib\u00e9rer leur potentiel gr\u00e2ce \u00e0 des solutions d&rsquo;ing\u00e9nierie de pointe en mati\u00e8re d&rsquo;IA et de donn\u00e9es, \u00e0 des conseils strat\u00e9giques et \u00e0 des [&hellip;]","og_url":"https:\/\/neogenia.ca\/fr\/entreprise\/","og_site_name":"Neogenia Solutions","article_modified_time":"2025-01-13T23:20:30+00:00","og_image":[{"url":"https:\/\/engitech.s3.amazonaws.com\/images\/image-box1.jpg","type":"","width":"","height":""}],"twitter_card":"summary_large_image","twitter_misc":{"Dur\u00e9e de lecture estim\u00e9e":"3 minutes"},"schema":{"@context":"https:\/\/schema.org","@graph":[{"@type":"WebPage","@id":"https:\/\/neogenia.ca\/fr\/entreprise\/","url":"https:\/\/neogenia.ca\/fr\/entreprise\/","name":"Entreprise - Backup - Neogenia Solutions","isPartOf":{"@id":"https:\/\/neogenia.ca\/fr\/#website"},"primaryImageOfPage":{"@id":"https:\/\/neogenia.ca\/fr\/entreprise\/#primaryimage"},"image":{"@id":"https:\/\/neogenia.ca\/fr\/entreprise\/#primaryimage"},"thumbnailUrl":"https:\/\/engitech.s3.amazonaws.com\/images\/image-box1.jpg","datePublished":"2025-01-13T04:11:20+00:00","dateModified":"2025-01-13T23:20:30+00:00","breadcrumb":{"@id":"https:\/\/neogenia.ca\/fr\/entreprise\/#breadcrumb"},"inLanguage":"fr-FR","potentialAction":[{"@type":"ReadAction","target":["https:\/\/neogenia.ca\/fr\/entreprise\/"]}]},{"@type":"ImageObject","inLanguage":"fr-FR","@id":"https:\/\/neogenia.ca\/fr\/entreprise\/#primaryimage","url":"https:\/\/engitech.s3.amazonaws.com\/images\/image-box1.jpg","contentUrl":"https:\/\/engitech.s3.amazonaws.com\/images\/image-box1.jpg"},{"@type":"BreadcrumbList","@id":"https:\/\/neogenia.ca\/fr\/entreprise\/#breadcrumb","itemListElement":[{"@type":"ListItem","position":1,"name":"Home","item":"https:\/\/neogenia.ca\/fr\/"},{"@type":"ListItem","position":2,"name":"Entreprise &#8211; Backup"}]},{"@type":"WebSite","@id":"https:\/\/neogenia.ca\/fr\/#website","url":"https:\/\/neogenia.ca\/fr\/","name":"Neogenia Solutions","description":"Advanced AI &amp; Data Engineering","potentialAction":[{"@type":"SearchAction","target":{"@type":"EntryPoint","urlTemplate":"https:\/\/neogenia.ca\/fr\/?s={search_term_string}"},"query-input":{"@type":"PropertyValueSpecification","valueRequired":true,"valueName":"search_term_string"}}],"inLanguage":"fr-FR"}]}},"_links":{"self":[{"href":"https:\/\/neogenia.ca\/fr\/wp-json\/wp\/v2\/pages\/8398","targetHints":{"allow":["GET"]}}],"collection":[{"href":"https:\/\/neogenia.ca\/fr\/wp-json\/wp\/v2\/pages"}],"about":[{"href":"https:\/\/neogenia.ca\/fr\/wp-json\/wp\/v2\/types\/page"}],"author":[{"embeddable":true,"href":"https:\/\/neogenia.ca\/fr\/wp-json\/wp\/v2\/users\/1"}],"replies":[{"embeddable":true,"href":"https:\/\/neogenia.ca\/fr\/wp-json\/wp\/v2\/comments?post=8398"}],"version-history":[{"count":7,"href":"https:\/\/neogenia.ca\/fr\/wp-json\/wp\/v2\/pages\/8398\/revisions"}],"predecessor-version":[{"id":8431,"href":"https:\/\/neogenia.ca\/fr\/wp-json\/wp\/v2\/pages\/8398\/revisions\/8431"}],"wp:attachment":[{"href":"https:\/\/neogenia.ca\/fr\/wp-json\/wp\/v2\/media?parent=8398"}],"curies":[{"name":"wp","href":"https:\/\/api.w.org\/{rel}","templated":true}]}}